{"id":6004,"date":"2022-01-10T11:57:42","date_gmt":"2022-01-10T11:57:42","guid":{"rendered":"https:\/\/iaa.org.tr\/?page_id=6004"},"modified":"2026-04-15T05:34:16","modified_gmt":"2026-04-15T05:34:16","slug":"saha-ziyareti-tarihleri","status":"publish","type":"page","link":"https:\/\/iaa.org.tr\/en\/akreditasyon\/saha-ziyareti-tarihleri\/","title":{"rendered":"Akreditasyon Ziyaret Tarihleri"},"content":{"rendered":"\n<figure class=\"wp-block-table is-style-stripes\"><table><tbody><tr><td><strong>Fak\u00fclte<\/strong><\/td><td><strong>\u00d6n Ziyaret Tarihi<\/strong><\/td><td><strong>Saha Ziyareti Tarihi<\/strong><\/td><td><strong>Durumu<\/strong><\/td><\/tr><tr><td>Sakarya \u00dcniversitesi \u0130lahiyat Fak\u00fcltesi<\/td><td>11.01.2022 (Online)<\/td><td>13.02.2022-16.02.2022 (Y\u00fcz Y\u00fcze)<\/td><td>Tamamland\u0131<\/td><\/tr><tr><td>\u0130stanbul \u00dcniversitesi \u0130lahiyat Fak\u00fcltesi<\/td><td>27.10.2022 (Online)<\/td><td>04.12.2022-07.12.2022 (Y\u00fcz Y\u00fcze)<\/td><td>Tamamland\u0131<\/td><\/tr><tr><td>29 May\u0131s \u00dcniversitesi \u0130lahiyat Fak\u00fcltesi<\/td><td>21.06.2023 (Online)<\/td><td>14.10.2023-18.10.2023 (Y\u00fcz Y\u00fcze)<\/td><td>Tamamland\u0131<\/td><\/tr><tr><td>Bart\u0131n \u00dcniversitesi \u0130slami \u0130limler Fak\u00fcltesi<\/td><td>12.05.2023 (Online)<\/td><td>28.10.2023-01.11.2023 (Y\u00fcz Y\u00fcze)<\/td><td>Tamamland\u0131<\/td><\/tr><tr><td>Dicle \u00dcniversitesi \u0130lahiyat Fak\u00fcltesi <\/td><td>25.10.2023 (Online)<\/td><td>18.11.2023-22.11.2023 (Y\u00fcz Y\u00fcze)<\/td><td>Tamamland\u0131<\/td><\/tr><tr><td>Amasya \u00dcniversitesi \u0130lahiyat Fak\u00fcltesi <\/td><td>10.11.2023 (Online)<\/td><td>23.12.2023-27.12.2023 (Y\u00fcz Y\u00fcze)<\/td><td>Tamamland\u0131<\/td><\/tr><tr><td>Hitit \u00dcniversitesi \u0130lahiyat Fak\u00fcltesi <\/td><td>18.12.2023 (Online)<\/td><td>13.01.2024-17.01.2024 (Y\u00fcz Y\u00fcze)<\/td><td>Tamamland\u0131<\/td><\/tr><tr><td>Erciyes \u00dcniversitesi \u0130lahiyat Fak\u00fcltesi <\/td><td>18.12.2024 (Online)<\/td><td>21.12.2024-25.12.2024 (Y\u00fcz Y\u00fcze)<\/td><td>Tamamland\u0131<\/td><\/tr><tr><td>Sakarya \u00dcniversitesi \u0130lahiyat Fak\u00fcltesi<\/td><td>21.04.2025 (Online)<\/td><td>27.04.2025-30.04.2025 (Y\u00fcz Y\u00fcze)<\/td><td>Tamamland\u0131<\/td><\/tr><tr><td>\u0130n\u00f6n\u00fc \u00dcniversitesi \u0130lahiyat Fak\u00fcltesi<\/td><td>15.04.2025 (Online)<\/td><td>11.05.2025-14.05.2025  (Y\u00fcz Y\u00fcze)<\/td><td>Tamamland\u0131<\/td><\/tr><tr><td>Atat\u00fcrk \u00dcniversitesi \u0130lahiyat Fak\u00fcltesi<\/td><td>30.04.2025 (Online)<\/td><td>19.05.2025-22.05.2025  (Y\u00fcz Y\u00fcze)<\/td><td>Tamamland\u0131<\/td><\/tr><tr><td>Katar \u00dcniversitesi \u015eeriat ve \u0130slami \u0130limler fak\u00fcltesi<\/td><td>22.04.2025 (Online)<\/td><td>04.05.2025-07.05.2025  (Y\u00fcz Y\u00fcze)<\/td><td>Tamamland\u0131<\/td><\/tr><tr><td>Recep Tayyip Erdo\u011fan \u00dcniversitesi \u0130lahiyat Fak\u00fcltesi<\/td><td>02.02.2026 (Online)<\/td><td>11.04.2026-15.04.2026 (Y\u00fcz Y\u00fcze)<\/td><td>S\u00fcre\u00e7 Devam Ediyor<\/td><\/tr><tr><td>K\u0131r\u0131kkale \u00dcniversitesi \u0130slami \u0130limler Fak\u00fcltesi<\/td><td>18.02.2026 (Online)<\/td><td>23.03.2026-27.03.2026 (Y\u00fcz Y\u00fcze)<\/td><td>Tamamland\u0131<\/td><\/tr><tr><td>Yozgat&nbsp;Bozok&nbsp;\u00dcniversitesi \u0130lahiyat Fak\u00fcltesi<\/td><td>10.04.2026 (Online)<\/td><td>02.05.2026-06.05.2026 (Y\u00fcz Y\u00fcze)<\/td><td>S\u00fcre\u00e7 Devam Ediyor<\/td><\/tr><tr><td>S\u00fcleyman Demirel\u00a0\u00dcniversitesi \u0130lahiyat Fak\u00fcltesi<\/td><td>10.04.2026 (Online)<\/td><td>02.05.2026-06.05.2026 (Y\u00fcz Y\u00fcze)<\/td><td>S\u00fcre\u00e7 Devam Ediyor<\/td><\/tr><tr><td>Gaziantep \u00dcniversitesi \u0130lahiyat Fak\u00fcltesi<\/td><td><\/td><td>07.06.2026-10.06.2026 (Y\u00fcz Y\u00fcze)<\/td><td>S\u00fcre\u00e7 Devam Ediyor<\/td><\/tr><\/tbody><\/table><\/figure>\n\n\n\n<p><\/p>\n\n\n\n<p><\/p>\n\n\n\n<p><\/p>\n","protected":false},"excerpt":{"rendered":"<p>Fak\u00fclte \u00d6n Ziyaret Tarihi Saha Ziyareti Tarihi Durumu Sakarya \u00dcniversitesi \u0130lahiyat Fak\u00fcltesi 11.01.2022 (Online) 13.02.2022-16.02.2022 (Y\u00fcz Y\u00fcze) Tamamland\u0131 \u0130stanbul \u00dcniversitesi \u0130lahiyat Fak\u00fcltesi 27.10.2022 (Online) 04.12.2022-07.12.2022 (Y\u00fcz Y\u00fcze) Tamamland\u0131 29 May\u0131s \u00dcniversitesi \u0130lahiyat Fak\u00fcltesi 21.06.2023 (Online) 14.10.2023-18.10.2023 (Y\u00fcz Y\u00fcze) Tamamland\u0131 Bart\u0131n \u00dcniversitesi \u0130slami \u0130limler Fak\u00fcltesi 12.05.2023 (Online) 28.10.2023-01.11.2023 (Y\u00fcz Y\u00fcze) Tamamland\u0131 Dicle \u00dcniversitesi \u0130lahiyat Fak\u00fcltesi 25.10.2023 (Online) 18.11.2023-22.11.2023 (Y\u00fcz Y\u00fcze) Tamamland\u0131 &#8230; <\/p>\n<div><a href=\"https:\/\/iaa.org.tr\/en\/akreditasyon\/saha-ziyareti-tarihleri\/\" class=\"more-link\">Read More<\/a><\/div>\n","protected":false},"author":1,"featured_media":0,"parent":901,"menu_order":3,"comment_status":"closed","ping_status":"closed","template":"","meta":{"footnotes":""},"class_list":["post-6004","page","type-page","status-publish","hentry","no-post-thumbnail"],"_links":{"self":[{"href":"https:\/\/iaa.org.tr\/en\/wp-json\/wp\/v2\/pages\/6004"}],"collection":[{"href":"https:\/\/iaa.org.tr\/en\/wp-json\/wp\/v2\/pages"}],"about":[{"href":"https:\/\/iaa.org.tr\/en\/wp-json\/wp\/v2\/types\/page"}],"author":[{"embeddable":true,"href":"https:\/\/iaa.org.tr\/en\/wp-json\/wp\/v2\/users\/1"}],"replies":[{"embeddable":true,"href":"https:\/\/iaa.org.tr\/en\/wp-json\/wp\/v2\/comments?post=6004"}],"version-history":[{"count":32,"href":"https:\/\/iaa.org.tr\/en\/wp-json\/wp\/v2\/pages\/6004\/revisions"}],"predecessor-version":[{"id":13224,"href":"https:\/\/iaa.org.tr\/en\/wp-json\/wp\/v2\/pages\/6004\/revisions\/13224"}],"up":[{"embeddable":true,"href":"https:\/\/iaa.org.tr\/en\/wp-json\/wp\/v2\/pages\/901"}],"wp:attachment":[{"href":"https:\/\/iaa.org.tr\/en\/wp-json\/wp\/v2\/media?parent=6004"}],"curies":[{"name":"wp","href":"https:\/\/api.w.org\/{rel}","templated":true}]}}