{"id":5271,"date":"2021-03-27T17:12:01","date_gmt":"2021-03-27T17:12:01","guid":{"rendered":"https:\/\/iaa.org.tr\/accreditation\/programs-in-the-accreditation-evaluation-proces\/"},"modified":"2025-12-22T11:28:27","modified_gmt":"2025-12-22T11:28:27","slug":"programs-in-the-accreditation-evaluation-proces","status":"publish","type":"page","link":"https:\/\/iaa.org.tr\/en\/accreditation\/programs-in-the-accreditation-evaluation-proces\/","title":{"rendered":"Programs in the Accreditation Evaluation Proces"},"content":{"rendered":"\n<p class=\"has-text-align-center\">Programs in the International Accreditation Process<\/p>\n\n\n\n<figure class=\"wp-block-table\"><table><tbody><tr><td>Qatar University College of Sharia and Islamic Studies<\/td><td>Fiqh and Fiqh Procedure Undergraduate Program<\/td><td>Process completed<\/td><\/tr><tr><td>Qatar University College of Sharia and Islamic Studies<\/td><td>Aqidah and Invitation Undergraduate Program<\/td><td>Process completed<\/td><\/tr><tr><td>Qatar University College of Sharia and Islamic Studies<\/td><td>Qur&#8217;an and Sunnah Undergraduate Program<\/td><td>Process completed<\/td><\/tr><tr><td>Qatar University College of Sharia and Islamic Studies<\/td><td>Islamic Studies Undergraduate Program<\/td><td>Process completed<\/td><\/tr><tr><td>Faculty of Shariaa and Islamic Studies, University of Tripoli, Lebanon<\/td><td>Sharia Program<\/td><td>The process continues<\/td><\/tr><tr><td>Sakarya University Faculty of Theology<\/td><td>Normal Education Theology Program<\/td><td>Process completed<\/td><\/tr><tr><td>Sakarya University Faculty of Theology<\/td><td>Secondary Education Theology Program<\/td><td>Process completed<\/td><\/tr><tr><td>Istanbul University Faculty of Theology<\/td><td>Normal Education Theology Program<\/td><td>Process completed<\/td><\/tr><tr><td>Istanbul University Faculty of Theology<\/td><td>English Theology Program<\/td><td>Process completed<\/td><\/tr><tr><td>Hitit University Faculty of Theology<\/td><td>Normal Education Theology Program<\/td><td>Process completed<\/td><\/tr><tr><td>Hitit University Faculty of Theology<\/td><td>Secondary Education Theology Program<\/td><td>Process completed<\/td><\/tr><tr><td>Dicle University Faculty of Theology<\/td><td>Normal Education Theology Program<\/td><td>Process completed<\/td><\/tr><tr><td>Dicle University Faculty of Theology<\/td><td>Secondary Education Theology Program<\/td><td>Process completed<\/td><\/tr><tr><td>Bursa Uluda\u011f University Faculty of Theology<\/td><td>Normal Education Theology Program<\/td><td>The process continues<\/td><\/tr><tr><td>Mersin University Faculty of Theology<\/td><td>Normal Education Theology Program<\/td><td>The process continues<\/td><\/tr><tr><td>Ondokuz May\u0131s University Faculty of Theology<\/td><td>Normal Education Theology Program<\/td><td>The process continues<\/td><\/tr><tr><td>Sakarya University Faculty of Theology (2nd Evaluation)<\/td><td>Normal Education Theology Program<\/td><td>Process completed<\/td><\/tr><tr><td>Siirt University Faculty of Theology<\/td><td>Normal Education Theology Program<\/td><td>The process continues<\/td><\/tr><tr><td>Bayburt University Faculty of Theology<\/td><td>Normal Education Theology Program<\/td><td>The process continues<\/td><\/tr><tr><td>Eski\u015fehir Osmangazi University Faculty of Theology<\/td><td>Normal Education Theology Program<\/td><td>The process continues<\/td><\/tr><tr><td>Fatih Sultan Mehmet Foundation University Faculty of Islamic Sciences<\/td><td>Arabic Education Islamic Sciences Program<\/td><td>The process continues<\/td><\/tr><tr><td>Necmettin Erbakan University Ahmet Kele\u015fo\u011flu Faculty of Theology <\/td><td>Normal Education Theology Program<\/td><td>The process continues<\/td><\/tr><\/tbody><\/table><\/figure>\n\n\n\n<p class=\"has-text-align-center\"><strong>Programs Accepted for 2020-2021 Term<\/strong><\/p>\n\n\n\n<figure class=\"wp-block-table is-style-stripes\"><table><thead><tr><th><strong>University and Faculty of the Applicant Program<\/strong><\/th><th><strong>Name of the Theology\/Islamic Sciences and Equivalent Undergraduate Program for which Evaluation is requested<\/strong><\/th><\/tr><\/thead><tbody><tr><td>Amasya University Faculty of Theology<\/td><td>Normal Education Theology Program<\/td><\/tr><tr><td>Amasya University Faculty of Theology<\/td><td>Secondary Education Theology Program<\/td><\/tr><tr><td>Erciyes University Faculty of Theology<\/td><td>Normal Education Theology Program<\/td><\/tr><tr><td>Erciyes University Faculty of Theology<\/td><td>Secondary Education Theology Program<\/td><\/tr><tr><td>Atat\u00fcrk University Faculty of Theology<\/td><td>Normal Education Theology Program<\/td><\/tr><tr><td>Bart\u0131n University Faculty of Islamic Sciences<\/td><td>Normal Education Theology Program<\/td><\/tr><tr><td>Cukurova University Faculty of Theology<\/td><td>Normal Education Theology Program<\/td><\/tr><tr><td>Cukurova University Faculty of Theology<\/td><td>Secondary Education Theology Program<\/td><\/tr><tr><td>Dicle University Faculty of Theology<\/td><td>Normal Education Theology Program<\/td><\/tr><tr><td>Gaziantep University Faculty of Theology<\/td><td>Normal Education Theology Program<\/td><\/tr><tr><td>Hitit University Faculty of Theology<\/td><td>Normal Education Theology Program<\/td><\/tr><tr><td>Hitit University Faculty of Theology<\/td><td>Secondary Education Theology Program<\/td><\/tr><tr><td>Recep Tayyip Erdo\u011fan University Faculty of Theology<\/td><td>Normal Education Theology Program<\/td><\/tr><tr><td>Recep Tayyip Erdo\u011fan University Faculty of Theology<\/td><td>Secondary Education Theology Program<\/td><\/tr><tr><td>Ondokuz May\u0131s University Faculty of Theology<\/td><td>Normal Education Theology Program<\/td><\/tr><tr><td>Ondokuz May\u0131s University Faculty of Theology<\/td><td>Secondary Education Theology Program<\/td><\/tr><tr><td>Sakarya University Faculty of Theology<\/td><td>Normal Education Theology Program<\/td><\/tr><tr><td>Sakarya University Faculty of Theology<\/td><td>Secondary Education Theology Program<\/td><\/tr><tr><td>\u0130n\u00f6n\u00fc University Faculty of Theology<\/td><td>Normal Education Theology Program<\/td><\/tr><tr><td>\u0130n\u00f6n\u00fc University Faculty of Theology<\/td><td>Secondary Education Theology Program<\/td><\/tr><tr><td>Ankara University Faculty of Theology<\/td><td>Normal Education Theology Program<\/td><\/tr><tr><td>Ankara University Faculty of Theology<\/td><td>Normal Education English Theology Program<\/td><\/tr><\/tbody><\/table><\/figure>\n\n\n\n<p class=\"has-text-align-center\"><strong>Programs Accepted for 2021-2022 Term<\/strong><\/p>\n\n\n\n<figure class=\"wp-block-table is-style-stripes\"><table><thead><tr><th><strong>University and Faculty of the Applicant Program<\/strong><\/th><th><strong> Name of the Theology\/Islamic Sciences and Equivalent Undergraduate Program for which Evaluation is requested<\/strong><\/th><th><strong>Application date<\/strong><\/th><\/tr><\/thead><tbody><tr><td>\u0130stanbul University Faculty of Theology<\/td><td>Normal Education Theology Program<\/td><td>28.02.2021<\/td><\/tr><tr><td>\u0130stanbul University Faculty of Theology<\/td><td>Normal Education English Theology Program<\/td><td>28.02.2021<\/td><\/tr><tr><td>\u0130stanbul 29 May\u0131s University Faculty of Theology<\/td><td>Normal Education Theology Program<\/td><td>25.02.2021<\/td><\/tr><tr><td>U\u015fak University Faculty of Islamic Sciences<\/td><td>Normal Education Islamic Sciences<\/td><td>18.02.2021<\/td><\/tr><tr><td>U\u015fak University Faculty of Islamic Sciences<\/td><td>Secondary Education Islamic Sciences<\/td><td>18.02.2021<\/td><\/tr><tr><td>S\u00fcleyman Demirel University Faculty of Theology<\/td><td>Normal Education Theology Program<\/td><td>11.02.2021<\/td><\/tr><tr><td>\u00c7anakkale Onsekiz Mart University Faculty of Theology<\/td><td>Normal Education Theology Program<\/td><td>22.02.2021<\/td><\/tr><tr><td>\u00c7anakkale Onsekiz Mart University Faculty of Theology<\/td><td>Secondary Education Theology Program<\/td><td>22.01.2021<\/td><\/tr><\/tbody><\/table><\/figure>\n\n\n\n<p class=\"has-text-align-center\"><strong>Programs Accepted for 2022-2023 Term<\/strong><\/p>\n\n\n\n<figure class=\"wp-block-table is-style-stripes\"><table><thead><tr><th><strong>University and Faculty of the Applicant Program<\/strong><\/th><th><strong>Requested Accreditation Evaluation Type<\/strong><\/th><th><strong>Name of the Theology\/Islamic Sciences and Equivalent Undergraduate Program for which Evaluation is requested<\/strong><\/th><th><strong>Application date<\/strong><\/th><\/tr><\/thead><tbody><tr><td>Sivas Cumhuriyet University Faculty of Theology<\/td><td>National<\/td><td>Normal Education Theology Program<\/td><td>14.01.2022<\/td><\/tr><tr><td>Sivas Cumhuriyet University Faculty of Theology<\/td><td>National<\/td><td>Secondary Education Theology Program<\/td><td>14.01.2022<\/td><\/tr><tr><td>Harran University Faculty of Theology<\/td><td>National<\/td><td>Normal Education Theology Program<\/td><td>18.01.2022<\/td><\/tr><tr><td>Harran University Faculty of Theology<\/td><td>National<\/td><td>Secondary Education Theology Program<\/td><td>18.01.2022<\/td><\/tr><tr><td>K\u0131r\u0131kkale University Faculty of Islamic Sciences<\/td><td>National<\/td><td>Normal Education Islamic Sciences<\/td><td>19.01.2022<\/td><\/tr><tr><td>F\u0131rat University Faculty of Theology<\/td><td>National<\/td><td>Normal Education Theology Program<\/td><td>16.02.2022<\/td><\/tr><tr><td>Sinop University Faculty of Theology<\/td><td>National<\/td><td>Normal Education Theology Program<\/td><td>23.02.2022<\/td><\/tr><\/tbody><\/table><\/figure>\n\n\n\n<p>                                                      <strong>Programs Accepted for 2023-2024 Term<\/strong><\/p>\n\n\n\n<figure class=\"wp-block-table is-style-stripes\"><table><thead><tr><th><strong>University and Faculty of the Applicant Program<\/strong><\/th><th><strong>Requested Accreditation Evaluation Type<\/strong><\/th><th><strong>Name of the Theology\/Islamic Sciences and Equivalent Undergraduate Program for which Evaluation is requested<\/strong><\/th><th><strong>Application date<\/strong><\/th><\/tr><\/thead><tbody><tr><td>Bursa Uluda\u011f  University Faculty of Theology<\/td><td>International<\/td><td>Normal Education Theology Program<\/td><td>27.02.2023<\/td><\/tr><tr><td>Mersin University Faculty of Theology<\/td><td>International<\/td><td>Normal  Education Theology Program<\/td><td>05.12.2023<\/td><\/tr><tr><td>On dokuz May\u0131s University Faculty of Theology<\/td><td>International<\/td><td>Normal Education Theology Program<\/td><td>22.12.2023<\/td><\/tr><\/tbody><\/table><\/figure>\n\n\n\n<p>                                                      <strong>Programs Accepted for 2024-2025 Term<\/strong><\/p>\n\n\n\n<figure class=\"wp-block-table is-style-stripes\"><table><thead><tr><th><strong>University and Faculty of the Applicant Program<\/strong><\/th><th><strong>Requested Accreditation Evaluation Type<\/strong><\/th><th><strong>Name of the Theology\/Islamic Sciences and Equivalent Undergraduate Program for which Evaluation is requested<\/strong><\/th><th><strong>Application date<\/strong><\/th><\/tr><\/thead><tbody><tr><td>Kastamonu University Faculty of Theology<\/td><td>National<\/td><td>Normal Education Theology Program<\/td><td>17.01.2024<\/td><\/tr><tr><td>Tokat Gaziosmanpa\u015fa University Faculty of  Islamic Sciences<\/td><td>National<\/td><td>Normal Education Islamic Sciences<\/td><td>23.01.2024<\/td><\/tr><tr><td>Sakarya University Faculty of Theology (2nd Assessment)<\/td><td>International<\/td><td>Normal Education Theology Program<\/td><td>19.08.2024<\/td><\/tr><tr><td>Siirt University Faculty of Theology<\/td><td>International<\/td><td>Normal Education Theology Program<\/td><td>30.10.2024<\/td><\/tr><\/tbody><\/table><\/figure>\n\n\n\n<p>                                                      <strong>Programs Accepted for 2025-2026 Term<\/strong><\/p>\n\n\n\n<figure class=\"wp-block-table is-style-stripes\"><table><thead><tr><th><strong>University and Faculty of the Applicant Program<\/strong><\/th><th><strong>Requested Accreditation Evaluation Type<\/strong><\/th><th><strong>Name of the Theology\/Islamic Sciences and Equivalent Undergraduate Program for which Evaluation is requested<\/strong><\/th><th><strong>Application date<\/strong><\/th><\/tr><\/thead><tbody><tr><td>Yozgat Bozok University Faculty of Theology<\/td><td>National<\/td><td>Normal Education Theology Program<\/td><td>10.01.2025<\/td><\/tr><tr><td>K\u00fctahya Dumlup\u0131nar University Faculty of  Theology<\/td><td>National<\/td><td>Normal Education Islamic Sciences<\/td><td>13.01.2025<\/td><\/tr><tr><td>Ad\u0131yaman University Faculty of Theology <\/td><td>National<\/td><td>Normal Education Theology Program<\/td><td>14.01.2025<\/td><\/tr><tr><td>Ardahan University Faculty of Theology<\/td><td>National<\/td><td>Normal Education Theology Program<\/td><td>15.01.2025<\/td><\/tr><tr><td>Zonguldak B\u00fclent Ecevit University Faculty of Theology<\/td><td>National<\/td><td>Normal Education Theology Program<\/td><td>16.01.2025<\/td><\/tr><tr><td>Giresun University Faculty of Theology<\/td><td>National<\/td><td>Normal Education Theology Program<\/td><td>30.01.2025<\/td><\/tr><tr><td>Ankara Y\u0131ld\u0131r\u0131m Beyaz\u0131t University Faculty of Theology<\/td><td>National<\/td><td>Normal Education Theology Program<\/td><td>03.02.2025<\/td><\/tr><tr><td>Ankara Hac\u0131 Bayram Veli University Faculty of Theology<\/td><td>National<\/td><td>Normal Education Theology Program<\/td><td>10.02.2025<\/td><\/tr><tr><td>Yalova University Faculty of Islamic Sciences<\/td><td>National<\/td><td>Islamic Sciences (Normal Education)<\/td><td>12.02.2025<\/td><\/tr><tr><td>Yalova University Faculty of Islamic Sciences<\/td><td>National<\/td><td>Islamic Sciences (Normal Education)<\/td><td>12.02.2025<\/td><\/tr><tr><td>Trabzon University Faculty of Theology<\/td><td>National<\/td><td>Normal Education Theology Program<\/td><td>18.02.2025<\/td><\/tr><tr><td>Sel\u00e7uk University Faculty of Theology<\/td><td>National<\/td><td>Normal Education Theology Program<\/td><td>18.02.2025<\/td><\/tr><tr><td>Kayseri University Faculty of Islamic Sciences<\/td><td>National<\/td><td>Normal Education Theology Program<\/td><td>25.02.2025<\/td><\/tr><tr><td>A\u011fr\u0131 \u0130brahim \u00c7e\u00e7en University Faculty of Islamic Sciences<\/td><td>National<\/td><td>Islamic Sciences (Normal Education)<\/td><td>27.02.2025<\/td><\/tr><tr><td>Bayburt University Faculty of Theology<\/td><td>International<\/td><td>Normal Education Theology Program<\/td><td>13.01.2025<\/td><\/tr><tr><td>Eski\u015fehir Osmangazi University Faculty of Theology<\/td><td>International<\/td><td>Normal Education Theology Program<\/td><td>11.02.2025<\/td><\/tr><tr><td>Fatih Sultan Mehmet Vak\u0131f University Faculty of Islamic Sciences<\/td><td>International<\/td><td>Islamic Sciences Program (Arabic Instruction)<\/td><td>19.03.2025<\/td><\/tr><tr><td>Necmettin Erbakan University Ahmet Kele\u015fo\u011flu Faculty of Theology<\/td><td>International<\/td><td>Normal Education Theology Program<\/td><td>14.05.2025<\/td><\/tr><\/tbody><\/table><\/figure>\n\n\n\n<p><\/p>\n","protected":false},"excerpt":{"rendered":"<p>Programs in the International Accreditation Process Qatar University College of Sharia and Islamic Studies Fiqh and Fiqh Procedure Undergraduate Program Process completed Qatar University College of Sharia and Islamic Studies Aqidah and Invitation Undergraduate Program Process completed Qatar University College of Sharia and Islamic Studies Qur&#8217;an and Sunnah Undergraduate Program Process completed Qatar University College of Sharia and Islamic Studies &#8230; <\/p>\n<div><a href=\"https:\/\/iaa.org.tr\/en\/accreditation\/programs-in-the-accreditation-evaluation-proces\/\" class=\"more-link\">Read More<\/a><\/div>\n","protected":false},"author":1,"featured_media":0,"parent":5246,"menu_order":4,"comment_status":"closed","ping_status":"closed","template":"","meta":{"footnotes":""},"class_list":["post-5271","page","type-page","status-publish","hentry","no-post-thumbnail"],"_links":{"self":[{"href":"https:\/\/iaa.org.tr\/en\/wp-json\/wp\/v2\/pages\/5271"}],"collection":[{"href":"https:\/\/iaa.org.tr\/en\/wp-json\/wp\/v2\/pages"}],"about":[{"href":"https:\/\/iaa.org.tr\/en\/wp-json\/wp\/v2\/types\/page"}],"author":[{"embeddable":true,"href":"https:\/\/iaa.org.tr\/en\/wp-json\/wp\/v2\/users\/1"}],"replies":[{"embeddable":true,"href":"https:\/\/iaa.org.tr\/en\/wp-json\/wp\/v2\/comments?post=5271"}],"version-history":[{"count":14,"href":"https:\/\/iaa.org.tr\/en\/wp-json\/wp\/v2\/pages\/5271\/revisions"}],"predecessor-version":[{"id":12673,"href":"https:\/\/iaa.org.tr\/en\/wp-json\/wp\/v2\/pages\/5271\/revisions\/12673"}],"up":[{"embeddable":true,"href":"https:\/\/iaa.org.tr\/en\/wp-json\/wp\/v2\/pages\/5246"}],"wp:attachment":[{"href":"https:\/\/iaa.org.tr\/en\/wp-json\/wp\/v2\/media?parent=5271"}],"curies":[{"name":"wp","href":"https:\/\/api.w.org\/{rel}","templated":true}]}}