{"id":5231,"date":"2021-03-26T19:30:10","date_gmt":"2021-03-26T19:30:10","guid":{"rendered":"http:\/\/iaa.org.tr\/establishment\/"},"modified":"2025-12-12T12:30:49","modified_gmt":"2025-12-12T12:30:49","slug":"establishment","status":"publish","type":"page","link":"https:\/\/iaa.org.tr\/en\/establishment\/","title":{"rendered":"Establishment"},"content":{"rendered":"\n<p>IAA was established with the application to the Provincial Directorate of Associations of the Governorship of K\u00fctahya on 04 April 2018. <\/p>\n\n\n\n<p>Approval \u0130AA&#8217;s Charter was approved (in Turkish) by the Provincial Directorate for Associations of K\u00fctahya Governership on April 06, 20018.<\/p>\n\n\n\n<p>Association Registration No: 43-016-081<\/p>\n\n\n\n<p><strong>IAA Founding Members<\/strong><\/p>\n\n\n\n<ul class=\"wp-block-list\">\n<li>Prof. Dr. Halis Aydemir<\/li>\n\n\n\n<li>Prof. Dr. Ahmet T\u00dcRKAN<\/li>\n\n\n\n<li>Prof. Dr. Rifat T\u00dcRKEL<\/li>\n\n\n\n<li>Dr. \u00dcmit AKTI<\/li>\n\n\n\n<li>Assoc. Prof. Dr. Selami ERDO\u011eAN<\/li>\n\n\n\n<li>Assoc. Prof. Dr. Ergin \u00d6GCEM<\/li>\n\n\n\n<li>Assoc. Prof. Dr. \u00d6mer Faruk S\u00d6YLEV<\/li>\n<\/ul>\n\n\n\n<p><a href=\"http:\/\/iaa.org.tr\/wp-content\/uploads\/2021\/03\/IAA-DERNEGI-UYE-LISTESI-1.pdf\">Association Members List<\/a><\/p>\n","protected":false},"excerpt":{"rendered":"<p>IAA was established with the application to the Provincial Directorate of Associations of the Governorship of K\u00fctahya on 04 April 2018. Approval \u0130AA&#8217;s Charter was approved (in Turkish) by the Provincial Directorate for Associations of K\u00fctahya Governership on April 06, 20018. Association Registration No: 43-016-081 IAA Founding Members Association Members List<\/p>\n","protected":false},"author":1,"featured_media":0,"parent":0,"menu_order":0,"comment_status":"closed","ping_status":"closed","template":"","meta":{"footnotes":""},"class_list":["post-5231","page","type-page","status-publish","hentry","no-post-thumbnail"],"_links":{"self":[{"href":"https:\/\/iaa.org.tr\/en\/wp-json\/wp\/v2\/pages\/5231"}],"collection":[{"href":"https:\/\/iaa.org.tr\/en\/wp-json\/wp\/v2\/pages"}],"about":[{"href":"https:\/\/iaa.org.tr\/en\/wp-json\/wp\/v2\/types\/page"}],"author":[{"embeddable":true,"href":"https:\/\/iaa.org.tr\/en\/wp-json\/wp\/v2\/users\/1"}],"replies":[{"embeddable":true,"href":"https:\/\/iaa.org.tr\/en\/wp-json\/wp\/v2\/comments?post=5231"}],"version-history":[{"count":7,"href":"https:\/\/iaa.org.tr\/en\/wp-json\/wp\/v2\/pages\/5231\/revisions"}],"predecessor-version":[{"id":12443,"href":"https:\/\/iaa.org.tr\/en\/wp-json\/wp\/v2\/pages\/5231\/revisions\/12443"}],"wp:attachment":[{"href":"https:\/\/iaa.org.tr\/en\/wp-json\/wp\/v2\/media?parent=5231"}],"curies":[{"name":"wp","href":"https:\/\/api.w.org\/{rel}","templated":true}]}}